{"id":886,"date":"2015-03-24T11:02:13","date_gmt":"2015-03-24T09:02:13","guid":{"rendered":"http:\/\/www.rapidosec.com\/neu\/?page_id=886"},"modified":"2025-06-23T20:08:10","modified_gmt":"2025-06-23T18:08:10","slug":"beratungsgespraech-und-informationsmessung","status":"publish","type":"page","link":"https:\/\/www.rapidosec.com\/neu\/unser-produkt\/beratungsgespraech-und-informationsmessung\/","title":{"rendered":"Beratung und Info"},"content":{"rendered":"\t\t<div data-elementor-type=\"wp-page\" data-elementor-id=\"886\" class=\"elementor elementor-886\">\n\t\t\t\t\t\t<section class=\"elementor-section elementor-top-section elementor-element elementor-element-f54c757 elementor-section-boxed elementor-section-height-default elementor-section-height-default\" data-id=\"f54c757\" data-element_type=\"section\">\n\t\t\t\t\t\t<div class=\"elementor-container elementor-column-gap-default\">\n\t\t\t\t\t<div class=\"elementor-column elementor-col-100 elementor-top-column elementor-element elementor-element-5bb4e80\" data-id=\"5bb4e80\" data-element_type=\"column\">\n\t\t\t<div class=\"elementor-widget-wrap elementor-element-populated\">\n\t\t\t\t\t\t<div class=\"elementor-element elementor-element-d7a7f9f elementor-widget elementor-widget-heading\" data-id=\"d7a7f9f\" data-element_type=\"widget\" data-widget_type=\"heading.default\">\n\t\t\t\t<div class=\"elementor-widget-container\">\n\t\t\t\t\t<h1 class=\"elementor-heading-title elementor-size-default\">Schadensfeststellung und Beratung vor Ort<\/h1>\t\t\t\t<\/div>\n\t\t\t\t<\/div>\n\t\t\t\t<div class=\"elementor-element elementor-element-51e875c elementor-widget elementor-widget-spacer\" data-id=\"51e875c\" data-element_type=\"widget\" data-widget_type=\"spacer.default\">\n\t\t\t\t<div class=\"elementor-widget-container\">\n\t\t\t\t\t\t\t<div class=\"elementor-spacer\">\n\t\t\t<div class=\"elementor-spacer-inner\"><\/div>\n\t\t<\/div>\n\t\t\t\t\t\t<\/div>\n\t\t\t\t<\/div>\n\t\t\t\t\t<\/div>\n\t\t<\/div>\n\t\t\t\t\t<\/div>\n\t\t<\/section>\n\t\t\t\t<section class=\"elementor-section elementor-top-section elementor-element elementor-element-fcc3c81 elementor-section-boxed elementor-section-height-default elementor-section-height-default\" data-id=\"fcc3c81\" data-element_type=\"section\">\n\t\t\t\t\t\t<div class=\"elementor-container elementor-column-gap-default\">\n\t\t\t\t\t<div class=\"elementor-column elementor-col-100 elementor-top-column elementor-element elementor-element-57caf43\" data-id=\"57caf43\" data-element_type=\"column\">\n\t\t\t<div class=\"elementor-widget-wrap elementor-element-populated\">\n\t\t\t\t\t\t<div class=\"elementor-element elementor-element-7b772f2 elementor-invisible elementor-widget elementor-widget-text-editor\" data-id=\"7b772f2\" data-element_type=\"widget\" data-settings=\"{&quot;_animation&quot;:&quot;fadeInUp&quot;}\" data-widget_type=\"text-editor.default\">\n\t\t\t\t<div class=\"elementor-widget-container\">\n\t\t\t\t\t\t\t\t\t<p class=\"animate animated\">Um die Situation vor Ort beurteilen zu k\u00f6nnen und ein Angebot zu erstellen,\u00a0<\/p><p class=\"animate animated\">besichtigen wir ihr Geb\u00e4ude bei Verdacht auf aufsteigende Feuchtigkeit.<\/p><p class=\"animate animated\">Wir f\u00fchren gemeinsam mit ihnen eine Informationsmessung durch und beraten sie umfassend.<\/p><p class=\"animate animated\">Das Beratungsgespr\u00e4ch mit Besichtigung und Infomessung ist f\u00fcr sie selbstverst\u00e4ndlich kostenlos.<\/p><p class=\"animate animated\">Die Informationsmessung ist eine elektrische Widerstandsmessung mittels einer Kugelkopfsonde.\u00a0<\/p><p class=\"animate animated\">Diese Messung erlaubt uns festzustellen ob es sich um aufsteigende Feuchtigkeit handelt.<\/p><p class=\"animate animated\">\u00a0<\/p>\t\t\t\t\t\t\t\t<\/div>\n\t\t\t\t<\/div>\n\t\t\t\t<div class=\"elementor-element elementor-element-d753f71 elementor-widget elementor-widget-spacer\" data-id=\"d753f71\" data-element_type=\"widget\" data-widget_type=\"spacer.default\">\n\t\t\t\t<div class=\"elementor-widget-container\">\n\t\t\t\t\t\t\t<div class=\"elementor-spacer\">\n\t\t\t<div class=\"elementor-spacer-inner\"><\/div>\n\t\t<\/div>\n\t\t\t\t\t\t<\/div>\n\t\t\t\t<\/div>\n\t\t\t\t\t<\/div>\n\t\t<\/div>\n\t\t\t\t\t<\/div>\n\t\t<\/section>\n\t\t\t\t<section class=\"elementor-section elementor-top-section elementor-element elementor-element-ba1b6c0 elementor-section-boxed elementor-section-height-default elementor-section-height-default elementor-invisible\" data-id=\"ba1b6c0\" data-element_type=\"section\" data-settings=\"{&quot;animation&quot;:&quot;fadeInUp&quot;}\">\n\t\t\t\t\t\t<div class=\"elementor-container elementor-column-gap-default\">\n\t\t\t\t\t<div class=\"elementor-column elementor-col-33 elementor-top-column elementor-element elementor-element-8abf1ce\" data-id=\"8abf1ce\" data-element_type=\"column\">\n\t\t\t<div class=\"elementor-widget-wrap elementor-element-populated\">\n\t\t\t\t\t\t<div class=\"elementor-element elementor-element-c86f707 elementor-widget elementor-widget-image\" data-id=\"c86f707\" data-element_type=\"widget\" data-widget_type=\"image.default\">\n\t\t\t\t<div class=\"elementor-widget-container\">\n\t\t\t\t\t\t\t\t\t\t\t\t\t\t\t<img fetchpriority=\"high\" decoding=\"async\" width=\"800\" height=\"600\" src=\"https:\/\/www.rapidosec.com\/neu\/wp-content\/uploads\/2014\/05\/Referenz-Keller.jpg\" class=\"attachment-large size-large wp-image-494\" alt=\"Referenz Keller\" srcset=\"https:\/\/www.rapidosec.com\/neu\/wp-content\/uploads\/2014\/05\/Referenz-Keller.jpg 800w, https:\/\/www.rapidosec.com\/neu\/wp-content\/uploads\/2014\/05\/Referenz-Keller-300x225.jpg 300w\" sizes=\"(max-width: 800px) 100vw, 800px\" \/>\t\t\t\t\t\t\t\t\t\t\t\t\t\t\t<\/div>\n\t\t\t\t<\/div>\n\t\t\t\t\t<\/div>\n\t\t<\/div>\n\t\t\t\t<div class=\"elementor-column elementor-col-33 elementor-top-column elementor-element elementor-element-5fa077b\" data-id=\"5fa077b\" data-element_type=\"column\">\n\t\t\t<div class=\"elementor-widget-wrap elementor-element-populated\">\n\t\t\t\t\t\t<div class=\"elementor-element elementor-element-0a16bf0 elementor-widget elementor-widget-image\" data-id=\"0a16bf0\" data-element_type=\"widget\" data-widget_type=\"image.default\">\n\t\t\t\t<div class=\"elementor-widget-container\">\n\t\t\t\t\t\t\t\t\t\t\t\t\t\t\t<img decoding=\"async\" width=\"800\" height=\"600\" src=\"https:\/\/www.rapidosec.com\/neu\/wp-content\/uploads\/2014\/05\/Referenz.jpg\" class=\"attachment-large size-large wp-image-496\" alt=\"kuno bei der besichtigung\" srcset=\"https:\/\/www.rapidosec.com\/neu\/wp-content\/uploads\/2014\/05\/Referenz.jpg 800w, https:\/\/www.rapidosec.com\/neu\/wp-content\/uploads\/2014\/05\/Referenz-300x225.jpg 300w\" sizes=\"(max-width: 800px) 100vw, 800px\" \/>\t\t\t\t\t\t\t\t\t\t\t\t\t\t\t<\/div>\n\t\t\t\t<\/div>\n\t\t\t\t\t<\/div>\n\t\t<\/div>\n\t\t\t\t<div class=\"elementor-column elementor-col-33 elementor-top-column elementor-element elementor-element-4a90590\" data-id=\"4a90590\" data-element_type=\"column\">\n\t\t\t<div class=\"elementor-widget-wrap elementor-element-populated\">\n\t\t\t\t\t\t<div class=\"elementor-element elementor-element-64b04e7 elementor-widget elementor-widget-image\" data-id=\"64b04e7\" data-element_type=\"widget\" data-widget_type=\"image.default\">\n\t\t\t\t<div class=\"elementor-widget-container\">\n\t\t\t\t\t\t\t\t\t\t\t\t\t\t\t<img decoding=\"async\" width=\"800\" height=\"600\" src=\"https:\/\/www.rapidosec.com\/neu\/wp-content\/uploads\/2014\/06\/DSCN4768.jpg\" class=\"attachment-large size-large wp-image-999\" alt=\"messung\" srcset=\"https:\/\/www.rapidosec.com\/neu\/wp-content\/uploads\/2014\/06\/DSCN4768.jpg 800w, https:\/\/www.rapidosec.com\/neu\/wp-content\/uploads\/2014\/06\/DSCN4768-300x225.jpg 300w\" sizes=\"(max-width: 800px) 100vw, 800px\" \/>\t\t\t\t\t\t\t\t\t\t\t\t\t\t\t<\/div>\n\t\t\t\t<\/div>\n\t\t\t\t\t<\/div>\n\t\t<\/div>\n\t\t\t\t\t<\/div>\n\t\t<\/section>\n\t\t\t\t<\/div>\n\t\t","protected":false},"excerpt":{"rendered":"<p>Schadensfeststellung und Beratung vor Ort Um die Situation vor Ort beurteilen zu k\u00f6nnen und ein Angebot zu erstellen,\u00a0 besichtigen wir ihr Geb\u00e4ude bei Verdacht auf aufsteigende Feuchtigkeit. Wir f\u00fchren gemeinsam mit ihnen eine Informationsmessung durch und beraten sie umfassend. Das Beratungsgespr\u00e4ch mit Besichtigung und Infomessung ist f\u00fcr sie selbstverst\u00e4ndlich kostenlos. Die Informationsmessung ist eine elektrische [&hellip;]<\/p>\n","protected":false},"author":2,"featured_media":0,"parent":13,"menu_order":0,"comment_status":"closed","ping_status":"closed","template":"","meta":{"footnotes":""},"class_list":["post-886","page","type-page","status-publish","hentry"],"acf":[],"_links":{"self":[{"href":"https:\/\/www.rapidosec.com\/neu\/wp-json\/wp\/v2\/pages\/886","targetHints":{"allow":["GET"]}}],"collection":[{"href":"https:\/\/www.rapidosec.com\/neu\/wp-json\/wp\/v2\/pages"}],"about":[{"href":"https:\/\/www.rapidosec.com\/neu\/wp-json\/wp\/v2\/types\/page"}],"author":[{"embeddable":true,"href":"https:\/\/www.rapidosec.com\/neu\/wp-json\/wp\/v2\/users\/2"}],"replies":[{"embeddable":true,"href":"https:\/\/www.rapidosec.com\/neu\/wp-json\/wp\/v2\/comments?post=886"}],"version-history":[{"count":47,"href":"https:\/\/www.rapidosec.com\/neu\/wp-json\/wp\/v2\/pages\/886\/revisions"}],"predecessor-version":[{"id":2403,"href":"https:\/\/www.rapidosec.com\/neu\/wp-json\/wp\/v2\/pages\/886\/revisions\/2403"}],"up":[{"embeddable":true,"href":"https:\/\/www.rapidosec.com\/neu\/wp-json\/wp\/v2\/pages\/13"}],"wp:attachment":[{"href":"https:\/\/www.rapidosec.com\/neu\/wp-json\/wp\/v2\/media?parent=886"}],"curies":[{"name":"wp","href":"https:\/\/api.w.org\/{rel}","templated":true}]}}