{"id":77,"date":"2014-06-23T11:21:17","date_gmt":"2014-06-23T09:21:17","guid":{"rendered":"http:\/\/www.rapidosec.com\/neu\/?page_id=77"},"modified":"2025-07-02T20:03:11","modified_gmt":"2025-07-02T18:03:11","slug":"wartung-u-betreuung","status":"publish","type":"page","link":"https:\/\/www.rapidosec.com\/neu\/unser-produkt\/wartung-u-betreuung\/","title":{"rendered":"Wartung u. Betreuung"},"content":{"rendered":"\t\t<div data-elementor-type=\"wp-page\" data-elementor-id=\"77\" class=\"elementor elementor-77\">\n\t\t\t\t\t\t<section class=\"elementor-section elementor-top-section elementor-element elementor-element-8558fd9 elementor-section-boxed elementor-section-height-default elementor-section-height-default elementor-invisible\" data-id=\"8558fd9\" data-element_type=\"section\" data-settings=\"{&quot;animation&quot;:&quot;fadeInUp&quot;}\">\n\t\t\t\t\t\t<div class=\"elementor-container elementor-column-gap-default\">\n\t\t\t\t\t<div class=\"elementor-column elementor-col-100 elementor-top-column elementor-element elementor-element-7feff35\" data-id=\"7feff35\" data-element_type=\"column\">\n\t\t\t<div class=\"elementor-widget-wrap elementor-element-populated\">\n\t\t\t\t\t\t<div class=\"elementor-element elementor-element-cd4451c elementor-widget elementor-widget-spacer\" data-id=\"cd4451c\" data-element_type=\"widget\" data-widget_type=\"spacer.default\">\n\t\t\t\t<div class=\"elementor-widget-container\">\n\t\t\t\t\t\t\t<div class=\"elementor-spacer\">\n\t\t\t<div class=\"elementor-spacer-inner\"><\/div>\n\t\t<\/div>\n\t\t\t\t\t\t<\/div>\n\t\t\t\t<\/div>\n\t\t\t\t<div class=\"elementor-element elementor-element-ae6a0cc elementor-widget elementor-widget-heading\" data-id=\"ae6a0cc\" data-element_type=\"widget\" data-widget_type=\"heading.default\">\n\t\t\t\t<div class=\"elementor-widget-container\">\n\t\t\t\t\t<h1 class=\"elementor-heading-title elementor-size-default\"><p class=\"animate animated\">\n  <span style=\"color: #fb7016;font-family: 'Westminster', monospace;font-weight: bold\">\n    RAPIDOsec<sup>\u00ae<\/sup>\n  <\/span> Mauerentfeuchtung mit dem intelligenten Sondensystem\n<\/p>\n<\/h1>\t\t\t\t<\/div>\n\t\t\t\t<\/div>\n\t\t\t\t<div class=\"elementor-element elementor-element-6035a62 elementor-widget elementor-widget-spacer\" data-id=\"6035a62\" data-element_type=\"widget\" data-widget_type=\"spacer.default\">\n\t\t\t\t<div class=\"elementor-widget-container\">\n\t\t\t\t\t\t\t<div class=\"elementor-spacer\">\n\t\t\t<div class=\"elementor-spacer-inner\"><\/div>\n\t\t<\/div>\n\t\t\t\t\t\t<\/div>\n\t\t\t\t<\/div>\n\t\t\t\t\t<\/div>\n\t\t<\/div>\n\t\t\t\t\t<\/div>\n\t\t<\/section>\n\t\t\t\t<section class=\"elementor-section elementor-top-section elementor-element elementor-element-07c008e elementor-section-boxed elementor-section-height-default elementor-section-height-default\" data-id=\"07c008e\" data-element_type=\"section\">\n\t\t\t\t\t\t<div class=\"elementor-container elementor-column-gap-default\">\n\t\t\t\t\t<div class=\"elementor-column elementor-col-33 elementor-top-column elementor-element elementor-element-96e5c12\" data-id=\"96e5c12\" data-element_type=\"column\">\n\t\t\t<div class=\"elementor-widget-wrap elementor-element-populated\">\n\t\t\t\t\t\t<div class=\"elementor-element elementor-element-9c5000b elementor-invisible elementor-widget elementor-widget-image\" data-id=\"9c5000b\" data-element_type=\"widget\" data-settings=\"{&quot;_animation&quot;:&quot;fadeInUp&quot;}\" data-widget_type=\"image.default\">\n\t\t\t\t<div class=\"elementor-widget-container\">\n\t\t\t\t\t\t\t\t\t\t\t\t\t\t\t<img fetchpriority=\"high\" decoding=\"async\" width=\"174\" height=\"329\" src=\"https:\/\/www.rapidosec.com\/neu\/wp-content\/uploads\/2014\/05\/steueranlage_1.jpg\" class=\"elementor-animation-hang attachment-large size-large wp-image-126\" alt=\"steueranlage_1\" srcset=\"https:\/\/www.rapidosec.com\/neu\/wp-content\/uploads\/2014\/05\/steueranlage_1.jpg 174w, https:\/\/www.rapidosec.com\/neu\/wp-content\/uploads\/2014\/05\/steueranlage_1-158x300.jpg 158w\" sizes=\"(max-width: 174px) 100vw, 174px\" \/>\t\t\t\t\t\t\t\t\t\t\t\t\t\t\t<\/div>\n\t\t\t\t<\/div>\n\t\t\t\t\t<\/div>\n\t\t<\/div>\n\t\t\t\t<div class=\"elementor-column elementor-col-66 elementor-top-column elementor-element elementor-element-a2bf6a5 elementor-invisible\" data-id=\"a2bf6a5\" data-element_type=\"column\" data-settings=\"{&quot;animation&quot;:&quot;fadeInUp&quot;}\">\n\t\t\t<div class=\"elementor-widget-wrap elementor-element-populated\">\n\t\t\t\t\t\t<div class=\"elementor-element elementor-element-f2dca29 elementor-widget elementor-widget-text-editor\" data-id=\"f2dca29\" data-element_type=\"widget\" data-widget_type=\"text-editor.default\">\n\t\t\t\t<div class=\"elementor-widget-container\">\n\t\t\t\t\t\t\t\t\t<p style=\"color: #000000; font-family: arial, helvetica, sans-serif; font-size: 14px;\">\nWir haben ein Mauerentfeuchtungssystem entwickelt, das es uns erm\u00f6glicht, Ihr Geb\u00e4ude schonend und nachhaltig zu entfeuchten.<\/p>\n<p style=\"color: #000000; font-family: arial, helvetica, sans-serif; font-size: 14px;\">Die <span style=\"color: #fb7016; font-weight: bold; text-transform: uppercase; font-family: 'Westminster', arial, helvetica, sans-serif;font-size: 1.4em;\">RAPIDOsec<sup>\u00ae<\/sup><\/span> Mauerentfeuchtung ist ein aktives, elektrophysikalisches System, das mit der nat\u00fcrlichen Potentialdifferenz arbeitet.<\/p>\n<p style=\"color: #000000; font-family: arial, helvetica, sans-serif; font-size: 14px;\">Die ermittelten Spannungen\/Elementarladung werden im Steuerger\u00e4t verarbeitet und neu interpretiert und wieder ins Mauerwerk und in den Boden zur\u00fcckgef\u00fchrt, dadurch wird im Bodenbereich Raum f\u00fcr absinkendes Wasser aus dem Mauerwerk geschaffen.<\/p>\n<p style=\"color: #000000; font-family: arial, helvetica, sans-serif; font-size: 14px;\">Da die Sonden aus nicht magnetisierbarem Material bestehen, wird durch den Betrieb des Systems kein Magnetfeld oder gesundheitssch\u00e4dlicher Elektrosmog hervorgerufen.<\/p>\n<p style=\"color: #000000; font-family: arial, helvetica, sans-serif; font-size: 14px;\">Mauerst\u00e4rke, Bauart und Baustoff des Mauerwerks spielen dabei f\u00fcr die Wirksamkeit der Entfeuchtung keine Rolle. Es findet kein Eingriff in die Statik des Bauwerks statt, begleitende Bauma\u00dfnahmen werden deutlich reduziert.<\/p>\n<p style=\"color: #000000; font-family: arial, helvetica, sans-serif; font-size: 14px;\">Mit dem <span style=\"color: #fb7016; font-weight: bold; text-transform: uppercase; font-family: 'Westminster', arial, helvetica, sans-serif;font-size: 1.4em;\">RAPIDOsec<sup>\u00ae<\/sup><\/span>-System ist es m\u00f6glich, W\u00e4nde, Zwischenw\u00e4nde, Keller und Kellerb\u00f6den nachhaltig zu entfeuchten.<\/p>\t\t\t\t\t\t\t\t<\/div>\n\t\t\t\t<\/div>\n\t\t\t\t\t<\/div>\n\t\t<\/div>\n\t\t\t\t\t<\/div>\n\t\t<\/section>\n\t\t\t\t<section class=\"elementor-section elementor-top-section elementor-element elementor-element-cccd0c8 elementor-section-boxed elementor-section-height-default elementor-section-height-default\" data-id=\"cccd0c8\" data-element_type=\"section\">\n\t\t\t\t\t\t<div class=\"elementor-container elementor-column-gap-default\">\n\t\t\t\t\t<div class=\"elementor-column elementor-col-100 elementor-top-column elementor-element elementor-element-dea2904\" data-id=\"dea2904\" data-element_type=\"column\">\n\t\t\t<div class=\"elementor-widget-wrap elementor-element-populated\">\n\t\t\t\t\t\t<div class=\"elementor-element elementor-element-1ab1a54 elementor-invisible elementor-widget elementor-widget-heading\" data-id=\"1ab1a54\" data-element_type=\"widget\" data-settings=\"{&quot;_animation&quot;:&quot;fadeInUp&quot;}\" data-widget_type=\"heading.default\">\n\t\t\t\t<div class=\"elementor-widget-container\">\n\t\t\t\t\t<h2 class=\"elementor-heading-title elementor-size-default\"><p style=\"font-family: Poppins, sans-serif;font-size: 17px;font-weight: 300;text-align: center\">\n  <span style=\"font-size: 30px;font-family: 'Westminster', monospace;color: #fb7016\">\n    RAPIDOsec<sup>\u00ae<\/sup>\n  <\/span> arbeitet direkt und aktiv mit der Feuchtigkeit im Mauerwerk<br>\n  =\n  <br>\n  <span style=\"font-size: 20px;font-family: Arial, Helvetica, sans-serif;font-weight: 600;color: #fb7016\">\n    aktive Entfeuchtung Ihres Objektes\n  <\/span>\n<\/p>\n\n<p style=\"font-family: Poppins, sans-serif;font-size: 17px;font-weight: 300\">\n  &nbsp;&nbsp;&nbsp;&nbsp;&nbsp;&nbsp;schonende und effiziente Mauerentfeuchtung bei aufsteigender Feuchtigkeit\n<\/p>\n<\/h2>\t\t\t\t<\/div>\n\t\t\t\t<\/div>\n\t\t\t\t\t<\/div>\n\t\t<\/div>\n\t\t\t\t\t<\/div>\n\t\t<\/section>\n\t\t\t\t<section class=\"elementor-section elementor-top-section elementor-element elementor-element-3fb55c2 elementor-section-boxed elementor-section-height-default elementor-section-height-default elementor-invisible\" data-id=\"3fb55c2\" data-element_type=\"section\" data-settings=\"{&quot;animation&quot;:&quot;fadeInUp&quot;}\">\n\t\t\t\t\t\t<div class=\"elementor-container elementor-column-gap-default\">\n\t\t\t\t\t<div class=\"elementor-column elementor-col-50 elementor-top-column elementor-element elementor-element-6b38322\" data-id=\"6b38322\" data-element_type=\"column\">\n\t\t\t<div class=\"elementor-widget-wrap elementor-element-populated\">\n\t\t\t\t\t\t<div class=\"elementor-element elementor-element-b67bc70 elementor-widget elementor-widget-image\" data-id=\"b67bc70\" data-element_type=\"widget\" data-widget_type=\"image.default\">\n\t\t\t\t<div class=\"elementor-widget-container\">\n\t\t\t\t\t\t\t\t\t\t\t\t\t\t\t<img decoding=\"async\" width=\"800\" height=\"600\" src=\"https:\/\/www.rapidosec.com\/neu\/wp-content\/uploads\/2014\/05\/DSC_03261.jpg\" class=\"elementor-animation-hang attachment-large size-large wp-image-868\" alt=\"Mitarbeiter bei der Arbeit\" srcset=\"https:\/\/www.rapidosec.com\/neu\/wp-content\/uploads\/2014\/05\/DSC_03261.jpg 800w, https:\/\/www.rapidosec.com\/neu\/wp-content\/uploads\/2014\/05\/DSC_03261-300x225.jpg 300w\" sizes=\"(max-width: 800px) 100vw, 800px\" \/>\t\t\t\t\t\t\t\t\t\t\t\t\t\t\t<\/div>\n\t\t\t\t<\/div>\n\t\t\t\t\t<\/div>\n\t\t<\/div>\n\t\t\t\t<div class=\"elementor-column elementor-col-50 elementor-top-column elementor-element elementor-element-e752aa6\" data-id=\"e752aa6\" data-element_type=\"column\">\n\t\t\t<div class=\"elementor-widget-wrap elementor-element-populated\">\n\t\t\t\t\t\t<div class=\"elementor-element elementor-element-253a0a9 elementor-widget elementor-widget-image\" data-id=\"253a0a9\" data-element_type=\"widget\" data-widget_type=\"image.default\">\n\t\t\t\t<div class=\"elementor-widget-container\">\n\t\t\t\t\t\t\t\t\t\t\t\t\t\t\t<img decoding=\"async\" width=\"600\" height=\"450\" src=\"https:\/\/www.rapidosec.com\/neu\/wp-content\/uploads\/2014\/05\/022-e1425826474456.jpg\" class=\"elementor-animation-hang attachment-large size-large wp-image-650\" alt=\"Sondenverbrauch\" \/>\t\t\t\t\t\t\t\t\t\t\t\t\t\t\t<\/div>\n\t\t\t\t<\/div>\n\t\t\t\t\t<\/div>\n\t\t<\/div>\n\t\t\t\t\t<\/div>\n\t\t<\/section>\n\t\t\t\t<\/div>\n\t\t","protected":false},"excerpt":{"rendered":"<p>RAPIDOsec\u00ae Mauerentfeuchtung mit dem intelligenten Sondensystem Wir haben ein Mauerentfeuchtungssystem entwickelt, das es uns erm\u00f6glicht, Ihr Geb\u00e4ude schonend und nachhaltig zu entfeuchten. Die RAPIDOsec\u00ae Mauerentfeuchtung ist ein aktives, elektrophysikalisches System, das mit der nat\u00fcrlichen Potentialdifferenz arbeitet. Die ermittelten Spannungen\/Elementarladung werden im Steuerger\u00e4t verarbeitet und neu interpretiert und wieder ins Mauerwerk und in den Boden zur\u00fcckgef\u00fchrt, [&hellip;]<\/p>\n","protected":false},"author":1,"featured_media":0,"parent":13,"menu_order":2,"comment_status":"closed","ping_status":"closed","template":"","meta":{"footnotes":""},"class_list":["post-77","page","type-page","status-publish","hentry"],"acf":[],"_links":{"self":[{"href":"https:\/\/www.rapidosec.com\/neu\/wp-json\/wp\/v2\/pages\/77","targetHints":{"allow":["GET"]}}],"collection":[{"href":"https:\/\/www.rapidosec.com\/neu\/wp-json\/wp\/v2\/pages"}],"about":[{"href":"https:\/\/www.rapidosec.com\/neu\/wp-json\/wp\/v2\/types\/page"}],"author":[{"embeddable":true,"href":"https:\/\/www.rapidosec.com\/neu\/wp-json\/wp\/v2\/users\/1"}],"replies":[{"embeddable":true,"href":"https:\/\/www.rapidosec.com\/neu\/wp-json\/wp\/v2\/comments?post=77"}],"version-history":[{"count":49,"href":"https:\/\/www.rapidosec.com\/neu\/wp-json\/wp\/v2\/pages\/77\/revisions"}],"predecessor-version":[{"id":2694,"href":"https:\/\/www.rapidosec.com\/neu\/wp-json\/wp\/v2\/pages\/77\/revisions\/2694"}],"up":[{"embeddable":true,"href":"https:\/\/www.rapidosec.com\/neu\/wp-json\/wp\/v2\/pages\/13"}],"wp:attachment":[{"href":"https:\/\/www.rapidosec.com\/neu\/wp-json\/wp\/v2\/media?parent=77"}],"curies":[{"name":"wp","href":"https:\/\/api.w.org\/{rel}","templated":true}]}}