{"id":50,"date":"2014-05-20T11:16:10","date_gmt":"2014-05-20T09:16:10","guid":{"rendered":"http:\/\/www.rapidosec.com\/neu\/?page_id=50"},"modified":"2025-07-06T21:17:07","modified_gmt":"2025-07-06T19:17:07","slug":"sekretariat","status":"publish","type":"page","link":"https:\/\/www.rapidosec.com\/neu\/das-unternehmen\/sekretariat\/","title":{"rendered":"Sekretariat"},"content":{"rendered":"\t\t<div data-elementor-type=\"wp-page\" data-elementor-id=\"50\" class=\"elementor elementor-50\">\n\t\t\t\t\t\t<section class=\"elementor-section elementor-top-section elementor-element elementor-element-716818b elementor-section-boxed elementor-section-height-default elementor-section-height-default\" data-id=\"716818b\" data-element_type=\"section\">\n\t\t\t\t\t\t<div class=\"elementor-container elementor-column-gap-default\">\n\t\t\t\t\t<div class=\"elementor-column elementor-col-50 elementor-top-column elementor-element elementor-element-8b888c2\" data-id=\"8b888c2\" data-element_type=\"column\">\n\t\t\t<div class=\"elementor-widget-wrap elementor-element-populated\">\n\t\t\t\t\t\t<div class=\"elementor-element elementor-element-b471b64 elementor-widget elementor-widget-image\" data-id=\"b471b64\" data-element_type=\"widget\" data-widget_type=\"image.default\">\n\t\t\t\t<div class=\"elementor-widget-container\">\n\t\t\t\t\t\t\t\t\t\t\t\t\t\t\t<img fetchpriority=\"high\" decoding=\"async\" width=\"1024\" height=\"931\" src=\"https:\/\/www.rapidosec.com\/neu\/wp-content\/uploads\/2014\/05\/10461884_704720652898206_1174748281157672041_o-1024x931.jpg\" class=\"attachment-large size-large wp-image-608\" alt=\"Irene Kerschbaumer\" srcset=\"https:\/\/www.rapidosec.com\/neu\/wp-content\/uploads\/2014\/05\/10461884_704720652898206_1174748281157672041_o-1024x931.jpg 1024w, https:\/\/www.rapidosec.com\/neu\/wp-content\/uploads\/2014\/05\/10461884_704720652898206_1174748281157672041_o-300x273.jpg 300w, https:\/\/www.rapidosec.com\/neu\/wp-content\/uploads\/2014\/05\/10461884_704720652898206_1174748281157672041_o-e1425786390721.jpg 800w\" sizes=\"(max-width: 1024px) 100vw, 1024px\" \/>\t\t\t\t\t\t\t\t\t\t\t\t\t\t\t<\/div>\n\t\t\t\t<\/div>\n\t\t\t\t<div class=\"elementor-element elementor-element-d08a2f2 elementor-widget elementor-widget-heading\" data-id=\"d08a2f2\" data-element_type=\"widget\" data-widget_type=\"heading.default\">\n\t\t\t\t<div class=\"elementor-widget-container\">\n\t\t\t\t\t<h2 class=\"elementor-heading-title elementor-size-default\">Irene Maria Kerschbaumer<\/h2>\t\t\t\t<\/div>\n\t\t\t\t<\/div>\n\t\t\t\t\t<\/div>\n\t\t<\/div>\n\t\t\t\t<div class=\"elementor-column elementor-col-50 elementor-top-column elementor-element elementor-element-8b50d63\" data-id=\"8b50d63\" data-element_type=\"column\">\n\t\t\t<div class=\"elementor-widget-wrap elementor-element-populated\">\n\t\t\t\t\t\t<div class=\"elementor-element elementor-element-c4db96b elementor-widget elementor-widget-text-editor\" data-id=\"c4db96b\" data-element_type=\"widget\" data-widget_type=\"text-editor.default\">\n\t\t\t\t<div class=\"elementor-widget-container\">\n\t\t\t\t\t\t\t\t\t<h3>Miterfinderin von <span style=\"color: #fb7016; font-family: 'Westminster', monospace;font-size: 1.4em;\">RAPIDOsec<sup>\u00ae<\/sup><\/span><\/h3>\n<h3>Leitung der Technik<\/h3>\nHier laufen alle F\u00e4den zusammen.\n\nIch betreue unsere Kunden gerne pers\u00f6nlich.\n\nGemeinsam mit unseren H\u00e4ndlern projektiere ich und finde mit den Technikern eine L\u00f6sung f\u00fcr besonders schwierige Installationen, den optimalen Standort der\n<span style=\"color: #fb7016; font-family: 'Westminster', monospace;font-size: 1.4em;\">RAPIDOsec<sup>\u00ae<\/sup><\/span>\nMauerentfeuchtungsanlage sowie die bestm\u00f6gliche individuelle Montage, die mit den Technikern besprochen wird.\n\nGerne besuche ich auch die eine oder andere Baustelle, um mir immer wieder vor Ort ein umfassendes Bild unserer Arbeit machen zu k\u00f6nnen.\t\t\t\t\t\t\t\t<\/div>\n\t\t\t\t<\/div>\n\t\t\t\t\t<\/div>\n\t\t<\/div>\n\t\t\t\t\t<\/div>\n\t\t<\/section>\n\t\t\t\t<section class=\"elementor-section elementor-top-section elementor-element elementor-element-b790fc4 elementor-section-boxed elementor-section-height-default elementor-section-height-default\" data-id=\"b790fc4\" data-element_type=\"section\">\n\t\t\t\t\t\t<div class=\"elementor-container elementor-column-gap-default\">\n\t\t\t\t\t<div class=\"elementor-column elementor-col-100 elementor-top-column elementor-element elementor-element-d6128fd\" data-id=\"d6128fd\" data-element_type=\"column\">\n\t\t\t<div class=\"elementor-widget-wrap elementor-element-populated\">\n\t\t\t\t\t\t<div class=\"elementor-element elementor-element-6aa08f5 elementor-widget elementor-widget-heading\" data-id=\"6aa08f5\" data-element_type=\"widget\" data-widget_type=\"heading.default\">\n\t\t\t\t<div class=\"elementor-widget-container\">\n\t\t\t\t\t<span class=\"elementor-heading-title elementor-size-default\">Ich freue mich auf Ihren Anruf<\/span>\t\t\t\t<\/div>\n\t\t\t\t<\/div>\n\t\t\t\t\t<\/div>\n\t\t<\/div>\n\t\t\t\t\t<\/div>\n\t\t<\/section>\n\t\t\t\t<section class=\"elementor-section elementor-top-section elementor-element elementor-element-3abecd7 elementor-section-boxed elementor-section-height-default elementor-section-height-default\" data-id=\"3abecd7\" data-element_type=\"section\">\n\t\t\t\t\t\t<div class=\"elementor-container elementor-column-gap-default\">\n\t\t\t\t\t<div class=\"elementor-column elementor-col-100 elementor-top-column elementor-element elementor-element-7461be9\" data-id=\"7461be9\" data-element_type=\"column\">\n\t\t\t<div class=\"elementor-widget-wrap elementor-element-populated\">\n\t\t\t\t\t\t<div class=\"elementor-element elementor-element-7fbbe9c elementor-widget elementor-widget-text-editor\" data-id=\"7fbbe9c\" data-element_type=\"widget\" data-widget_type=\"text-editor.default\">\n\t\t\t\t<div class=\"elementor-widget-container\">\n\t\t\t\t\t\t\t\t\t<p><a href=\"tel:+4369910846255\"><strong>+43 699 108 46 255<\/strong><\/a><\/p>\t\t\t\t\t\t\t\t<\/div>\n\t\t\t\t<\/div>\n\t\t\t\t\t<\/div>\n\t\t<\/div>\n\t\t\t\t\t<\/div>\n\t\t<\/section>\n\t\t\t\t<section class=\"elementor-section elementor-top-section elementor-element elementor-element-eeb5c9e elementor-section-boxed elementor-section-height-default elementor-section-height-default\" data-id=\"eeb5c9e\" data-element_type=\"section\">\n\t\t\t\t\t\t<div class=\"elementor-container elementor-column-gap-default\">\n\t\t\t\t\t<div class=\"elementor-column elementor-col-100 elementor-top-column elementor-element elementor-element-576e90c\" data-id=\"576e90c\" data-element_type=\"column\">\n\t\t\t<div class=\"elementor-widget-wrap elementor-element-populated\">\n\t\t\t\t\t\t<div class=\"elementor-element elementor-element-f8ec901 elementor-widget elementor-widget-text-editor\" data-id=\"f8ec901\" data-element_type=\"widget\" data-widget_type=\"text-editor.default\">\n\t\t\t\t<div class=\"elementor-widget-container\">\n\t\t\t\t\t\t\t\t\t<p class=\"animate animated\">\nStarten Sie Ihre Sanierung mit der Mauerentfeuchtung\n<span style=\"color: #fb7016; font-family: 'Westminster', monospace;font-size: 1.4em;\">RAPIDOsec<sup>\u00ae<\/sup><\/span> \u2013 die Basis f\u00fcr eine vern\u00fcnftige, nachhaltige Renovierung Ihres Geb\u00e4udes.<\/p>\n<p class=\"animate animated\">Trockene Mauern bedeuten ein angenehmes Raumklima und eine erhebliche Reduktion der Heizkosten.<\/p>\n<p class=\"animate animated\">\u2026denken Sie schon jetzt an den n\u00e4chsten Winter<\/p>\n<p class=\"animate animated\"><\/p>\t\t\t\t\t\t\t\t<\/div>\n\t\t\t\t<\/div>\n\t\t\t\t\t<\/div>\n\t\t<\/div>\n\t\t\t\t\t<\/div>\n\t\t<\/section>\n\t\t\t\t<section class=\"elementor-section elementor-top-section elementor-element elementor-element-c5f023b elementor-section-boxed elementor-section-height-default elementor-section-height-default\" data-id=\"c5f023b\" data-element_type=\"section\">\n\t\t\t\t\t\t<div class=\"elementor-container elementor-column-gap-default\">\n\t\t\t\t\t<div class=\"elementor-column elementor-col-100 elementor-top-column elementor-element elementor-element-c0b7aa1\" data-id=\"c0b7aa1\" data-element_type=\"column\">\n\t\t\t<div class=\"elementor-widget-wrap elementor-element-populated\">\n\t\t\t\t\t\t<div class=\"elementor-element elementor-element-3d17023 elementor-widget elementor-widget-text-editor\" data-id=\"3d17023\" data-element_type=\"widget\" data-widget_type=\"text-editor.default\">\n\t\t\t\t<div class=\"elementor-widget-container\">\n\t\t\t\t\t\t\t\t\t<p><span style=\"font-weight: 600; color: #000000; font-family: Poppins, sans-serif; text-align: center;\"><span style=\"font-size: 14px;\"><span style=\"font-family: arial, helvetica, sans-serif;\">ENTFEUCHTETE MAUERN BEDEUTEN ERHEBLICHE HEIZKOSTENERSPARNIS<\/span><\/span><\/span><\/p>\t\t\t\t\t\t\t\t<\/div>\n\t\t\t\t<\/div>\n\t\t\t\t\t<\/div>\n\t\t<\/div>\n\t\t\t\t\t<\/div>\n\t\t<\/section>\n\t\t\t\t<\/div>\n\t\t","protected":false},"excerpt":{"rendered":"<p>Irene Maria Kerschbaumer Miterfinderin von RAPIDOsec\u00ae Leitung der Technik Hier laufen alle F\u00e4den zusammen. Ich betreue unsere Kunden gerne pers\u00f6nlich. Gemeinsam mit unseren H\u00e4ndlern projektiere ich und finde mit den Technikern eine L\u00f6sung f\u00fcr besonders schwierige Installationen, den optimalen Standort der RAPIDOsec\u00ae Mauerentfeuchtungsanlage sowie die bestm\u00f6gliche individuelle Montage, die mit den Technikern besprochen wird. Gerne [&hellip;]<\/p>\n","protected":false},"author":1,"featured_media":608,"parent":11,"menu_order":12,"comment_status":"closed","ping_status":"closed","template":"","meta":{"footnotes":""},"class_list":["post-50","page","type-page","status-publish","hentry"],"acf":[],"_links":{"self":[{"href":"https:\/\/www.rapidosec.com\/neu\/wp-json\/wp\/v2\/pages\/50","targetHints":{"allow":["GET"]}}],"collection":[{"href":"https:\/\/www.rapidosec.com\/neu\/wp-json\/wp\/v2\/pages"}],"about":[{"href":"https:\/\/www.rapidosec.com\/neu\/wp-json\/wp\/v2\/types\/page"}],"author":[{"embeddable":true,"href":"https:\/\/www.rapidosec.com\/neu\/wp-json\/wp\/v2\/users\/1"}],"replies":[{"embeddable":true,"href":"https:\/\/www.rapidosec.com\/neu\/wp-json\/wp\/v2\/comments?post=50"}],"version-history":[{"count":71,"href":"https:\/\/www.rapidosec.com\/neu\/wp-json\/wp\/v2\/pages\/50\/revisions"}],"predecessor-version":[{"id":2709,"href":"https:\/\/www.rapidosec.com\/neu\/wp-json\/wp\/v2\/pages\/50\/revisions\/2709"}],"up":[{"embeddable":true,"href":"https:\/\/www.rapidosec.com\/neu\/wp-json\/wp\/v2\/pages\/11"}],"wp:featuredmedia":[{"embeddable":true,"href":"https:\/\/www.rapidosec.com\/neu\/wp-json\/wp\/v2\/media\/608"}],"wp:attachment":[{"href":"https:\/\/www.rapidosec.com\/neu\/wp-json\/wp\/v2\/media?parent=50"}],"curies":[{"name":"wp","href":"https:\/\/api.w.org\/{rel}","templated":true}]}}