{"id":29,"date":"2014-05-12T16:49:04","date_gmt":"2014-05-12T14:49:04","guid":{"rendered":"http:\/\/www.rapidosec.com\/neu\/?page_id=29"},"modified":"2025-06-21T22:23:25","modified_gmt":"2025-06-21T20:23:25","slug":"kontakt","status":"publish","type":"page","link":"https:\/\/www.rapidosec.com\/neu\/kontakt\/","title":{"rendered":"Kontakt"},"content":{"rendered":"\t\t<div data-elementor-type=\"wp-page\" data-elementor-id=\"29\" class=\"elementor elementor-29\">\n\t\t\t\t\t\t<section class=\"elementor-section elementor-top-section elementor-element elementor-element-3aa4ca3 elementor-section-boxed elementor-section-height-default elementor-section-height-default\" data-id=\"3aa4ca3\" data-element_type=\"section\">\n\t\t\t\t\t\t<div class=\"elementor-container elementor-column-gap-default\">\n\t\t\t\t\t<div class=\"elementor-column elementor-col-100 elementor-top-column elementor-element elementor-element-21ab431\" data-id=\"21ab431\" data-element_type=\"column\">\n\t\t\t<div class=\"elementor-widget-wrap elementor-element-populated\">\n\t\t\t\t\t\t<div class=\"elementor-element elementor-element-47e501e elementor-widget elementor-widget-spacer\" data-id=\"47e501e\" data-element_type=\"widget\" data-widget_type=\"spacer.default\">\n\t\t\t\t<div class=\"elementor-widget-container\">\n\t\t\t\t\t\t\t<div class=\"elementor-spacer\">\n\t\t\t<div class=\"elementor-spacer-inner\"><\/div>\n\t\t<\/div>\n\t\t\t\t\t\t<\/div>\n\t\t\t\t<\/div>\n\t\t\t\t\t<\/div>\n\t\t<\/div>\n\t\t\t\t\t<\/div>\n\t\t<\/section>\n\t\t\t\t<section class=\"elementor-section elementor-top-section elementor-element elementor-element-0ade649 elementor-section-boxed elementor-section-height-default elementor-section-height-default\" data-id=\"0ade649\" data-element_type=\"section\">\n\t\t\t\t\t\t<div class=\"elementor-container elementor-column-gap-default\">\n\t\t\t\t\t<div class=\"elementor-column elementor-col-100 elementor-top-column elementor-element elementor-element-ca0eed5\" data-id=\"ca0eed5\" data-element_type=\"column\">\n\t\t\t<div class=\"elementor-widget-wrap elementor-element-populated\">\n\t\t\t\t\t\t<div class=\"elementor-element elementor-element-a6979f0 elementor-widget elementor-widget-heading\" data-id=\"a6979f0\" data-element_type=\"widget\" data-widget_type=\"heading.default\">\n\t\t\t\t<div class=\"elementor-widget-container\">\n\t\t\t\t\t<h2 class=\"elementor-heading-title elementor-size-default\"><strong data-start=\"179\" data-end=\"203\" style=\"font-size: clamp(1.53em, 4vw, 40px)\">Kontaktieren Sie uns<\/strong><span style=\"font-size: clamp(1.53em, 4vw, 40px)\"><\/span><\/h2>\t\t\t\t<\/div>\n\t\t\t\t<\/div>\n\t\t\t\t\t<\/div>\n\t\t<\/div>\n\t\t\t\t\t<\/div>\n\t\t<\/section>\n\t\t\t\t<section class=\"elementor-section elementor-top-section elementor-element elementor-element-3abeea5 elementor-section-boxed elementor-section-height-default elementor-section-height-default\" data-id=\"3abeea5\" data-element_type=\"section\">\n\t\t\t\t\t\t<div class=\"elementor-container elementor-column-gap-default\">\n\t\t\t\t\t<div class=\"elementor-column elementor-col-100 elementor-top-column elementor-element elementor-element-c671be7\" data-id=\"c671be7\" data-element_type=\"column\">\n\t\t\t<div class=\"elementor-widget-wrap elementor-element-populated\">\n\t\t\t\t\t\t<div class=\"elementor-element elementor-element-a7ed1ab elementor-widget elementor-widget-spacer\" data-id=\"a7ed1ab\" data-element_type=\"widget\" data-widget_type=\"spacer.default\">\n\t\t\t\t<div class=\"elementor-widget-container\">\n\t\t\t\t\t\t\t<div class=\"elementor-spacer\">\n\t\t\t<div class=\"elementor-spacer-inner\"><\/div>\n\t\t<\/div>\n\t\t\t\t\t\t<\/div>\n\t\t\t\t<\/div>\n\t\t\t\t\t<\/div>\n\t\t<\/div>\n\t\t\t\t\t<\/div>\n\t\t<\/section>\n\t\t\t\t<section class=\"elementor-section elementor-top-section elementor-element elementor-element-ac5ed6c elementor-section-boxed elementor-section-height-default elementor-section-height-default\" data-id=\"ac5ed6c\" data-element_type=\"section\">\n\t\t\t\t\t\t<div class=\"elementor-container elementor-column-gap-default\">\n\t\t\t\t\t<div class=\"elementor-column elementor-col-50 elementor-top-column elementor-element elementor-element-bcd478c\" data-id=\"bcd478c\" data-element_type=\"column\">\n\t\t\t<div class=\"elementor-widget-wrap elementor-element-populated\">\n\t\t\t\t\t\t<div class=\"elementor-element elementor-element-55ca695 elementor-widget elementor-widget-image\" data-id=\"55ca695\" data-element_type=\"widget\" data-widget_type=\"image.default\">\n\t\t\t\t<div class=\"elementor-widget-container\">\n\t\t\t\t\t\t\t\t\t\t\t\t\t\t\t<img fetchpriority=\"high\" decoding=\"async\" width=\"1024\" height=\"931\" src=\"https:\/\/www.rapidosec.com\/neu\/wp-content\/uploads\/2014\/05\/10461884_704720652898206_1174748281157672041_o-1024x931.jpg\" class=\"attachment-large size-large wp-image-608\" alt=\"Irene Kerschbaumer\" srcset=\"https:\/\/www.rapidosec.com\/neu\/wp-content\/uploads\/2014\/05\/10461884_704720652898206_1174748281157672041_o-1024x931.jpg 1024w, https:\/\/www.rapidosec.com\/neu\/wp-content\/uploads\/2014\/05\/10461884_704720652898206_1174748281157672041_o-300x273.jpg 300w, https:\/\/www.rapidosec.com\/neu\/wp-content\/uploads\/2014\/05\/10461884_704720652898206_1174748281157672041_o-e1425786390721.jpg 800w\" sizes=\"(max-width: 1024px) 100vw, 1024px\" \/>\t\t\t\t\t\t\t\t\t\t\t\t\t\t\t<\/div>\n\t\t\t\t<\/div>\n\t\t\t\t\t<\/div>\n\t\t<\/div>\n\t\t\t\t<div class=\"elementor-column elementor-col-50 elementor-top-column elementor-element elementor-element-d6c6272\" data-id=\"d6c6272\" data-element_type=\"column\">\n\t\t\t<div class=\"elementor-widget-wrap elementor-element-populated\">\n\t\t\t\t\t\t<div class=\"elementor-element elementor-element-5f1f8b7 elementor-widget elementor-widget-image\" data-id=\"5f1f8b7\" data-element_type=\"widget\" data-widget_type=\"image.default\">\n\t\t\t\t<div class=\"elementor-widget-container\">\n\t\t\t\t\t\t\t\t\t\t\t\t\t\t\t<img decoding=\"async\" width=\"768\" height=\"1024\" src=\"https:\/\/www.rapidosec.com\/neu\/wp-content\/uploads\/2015\/01\/20130803-_DSC5193-768x1024.jpg\" class=\"attachment-large size-large wp-image-552\" alt=\"Kuno Kerschbaumer\" srcset=\"https:\/\/www.rapidosec.com\/neu\/wp-content\/uploads\/2015\/01\/20130803-_DSC5193-768x1024.jpg 768w, https:\/\/www.rapidosec.com\/neu\/wp-content\/uploads\/2015\/01\/20130803-_DSC5193-225x300.jpg 225w, https:\/\/www.rapidosec.com\/neu\/wp-content\/uploads\/2015\/01\/20130803-_DSC5193-e1425400097525.jpg 450w\" sizes=\"(max-width: 768px) 100vw, 768px\" \/>\t\t\t\t\t\t\t\t\t\t\t\t\t\t\t<\/div>\n\t\t\t\t<\/div>\n\t\t\t\t\t<\/div>\n\t\t<\/div>\n\t\t\t\t\t<\/div>\n\t\t<\/section>\n\t\t\t\t<section class=\"elementor-section elementor-top-section elementor-element elementor-element-6bf5c17 elementor-section-boxed elementor-section-height-default elementor-section-height-default\" data-id=\"6bf5c17\" data-element_type=\"section\">\n\t\t\t\t\t\t<div class=\"elementor-container elementor-column-gap-default\">\n\t\t\t\t\t<div class=\"elementor-column elementor-col-50 elementor-top-column elementor-element elementor-element-0c65c75\" data-id=\"0c65c75\" data-element_type=\"column\">\n\t\t\t<div class=\"elementor-widget-wrap elementor-element-populated\">\n\t\t\t\t\t\t<div class=\"elementor-element elementor-element-b9fd586 elementor-widget elementor-widget-heading\" data-id=\"b9fd586\" data-element_type=\"widget\" data-widget_type=\"heading.default\">\n\t\t\t\t<div class=\"elementor-widget-container\">\n\t\t\t\t\t<h2 class=\"elementor-heading-title elementor-size-default\">Irene Kerschbaumer<\/h2>\t\t\t\t<\/div>\n\t\t\t\t<\/div>\n\t\t\t\t\t<\/div>\n\t\t<\/div>\n\t\t\t\t<div class=\"elementor-column elementor-col-50 elementor-top-column elementor-element elementor-element-c1da8d7\" data-id=\"c1da8d7\" data-element_type=\"column\">\n\t\t\t<div class=\"elementor-widget-wrap elementor-element-populated\">\n\t\t\t\t\t\t<div class=\"elementor-element elementor-element-ae2a9e6 elementor-widget elementor-widget-heading\" data-id=\"ae2a9e6\" data-element_type=\"widget\" data-widget_type=\"heading.default\">\n\t\t\t\t<div class=\"elementor-widget-container\">\n\t\t\t\t\t<h2 class=\"elementor-heading-title elementor-size-default\">Kuno Kerschbaumer<\/h2>\t\t\t\t<\/div>\n\t\t\t\t<\/div>\n\t\t\t\t\t<\/div>\n\t\t<\/div>\n\t\t\t\t\t<\/div>\n\t\t<\/section>\n\t\t\t\t<section class=\"elementor-section elementor-top-section elementor-element elementor-element-efc274c elementor-section-boxed elementor-section-height-default elementor-section-height-default\" data-id=\"efc274c\" data-element_type=\"section\">\n\t\t\t\t\t\t<div class=\"elementor-container elementor-column-gap-default\">\n\t\t\t\t\t<div class=\"elementor-column elementor-col-50 elementor-top-column elementor-element elementor-element-1656fb1\" data-id=\"1656fb1\" data-element_type=\"column\">\n\t\t\t<div class=\"elementor-widget-wrap elementor-element-populated\">\n\t\t\t\t\t\t<div class=\"elementor-element elementor-element-a43f1d3 elementor-widget elementor-widget-text-editor\" data-id=\"a43f1d3\" data-element_type=\"widget\" data-widget_type=\"text-editor.default\">\n\t\t\t\t<div class=\"elementor-widget-container\">\n\t\t\t\t\t\t\t\t\t<p class=\"animate animated\" style=\"color: #000000; font-family: Poppins, sans-serif;\"><span style=\"font-family: arial, helvetica, sans-serif;\"><span style=\"font-size: 14px;\">Mobil: +43 (0) 69910846255<br \/>Skype: Irene Kerschbaumer<br \/>E-Mail:\u00a0<a style=\"color: #000000;\" href=\"mailto:rapidoseczentrale@aon.at\">rapidoseczentrale@aon.at<\/a><br \/>Web:\u00a0<a style=\"color: #000000;\" href=\"http:\/\/www.rapidosec.com\/neu\">www.rapidosec.com<\/a><\/span><\/span><\/p><div><span style=\"font-family: arial, helvetica, sans-serif;\">\u00a0<\/span><\/div>\t\t\t\t\t\t\t\t<\/div>\n\t\t\t\t<\/div>\n\t\t\t\t\t<\/div>\n\t\t<\/div>\n\t\t\t\t<div class=\"elementor-column elementor-col-50 elementor-top-column elementor-element elementor-element-9a090c0\" data-id=\"9a090c0\" data-element_type=\"column\">\n\t\t\t<div class=\"elementor-widget-wrap elementor-element-populated\">\n\t\t\t\t\t\t<div class=\"elementor-element elementor-element-9950e3b elementor-widget elementor-widget-text-editor\" data-id=\"9950e3b\" data-element_type=\"widget\" data-widget_type=\"text-editor.default\">\n\t\t\t\t<div class=\"elementor-widget-container\">\n\t\t\t\t\t\t\t\t\t<p><span style=\"color: #000000; font-family: arial, helvetica, sans-serif; font-size: 14px;\">E-Mail:\u00a0<\/span><a style=\"color: #000000; font-family: arial, helvetica, sans-serif; font-size: 14px;\" href=\"mailto:rapidoseczentrale@aon.at\">rapidoseczentrale@aon.at<\/a><br style=\"color: #000000; font-family: arial, helvetica, sans-serif; font-size: 14px;\" \/><span style=\"color: #000000; font-family: arial, helvetica, sans-serif; font-size: 14px;\">Web: www.rapidosec.com<\/span><\/p>\t\t\t\t\t\t\t\t<\/div>\n\t\t\t\t<\/div>\n\t\t\t\t\t<\/div>\n\t\t<\/div>\n\t\t\t\t\t<\/div>\n\t\t<\/section>\n\t\t\t\t<section class=\"elementor-section elementor-top-section elementor-element elementor-element-6fe13ae elementor-section-boxed elementor-section-height-default elementor-section-height-default\" data-id=\"6fe13ae\" data-element_type=\"section\">\n\t\t\t\t\t\t<div class=\"elementor-container elementor-column-gap-default\">\n\t\t\t\t\t<div class=\"elementor-column elementor-col-100 elementor-top-column elementor-element elementor-element-1e5bf6c\" data-id=\"1e5bf6c\" data-element_type=\"column\">\n\t\t\t<div class=\"elementor-widget-wrap elementor-element-populated\">\n\t\t\t\t\t\t<div class=\"elementor-element elementor-element-9da788a elementor-widget elementor-widget-shortcode\" data-id=\"9da788a\" data-element_type=\"widget\" data-widget_type=\"shortcode.default\">\n\t\t\t\t<div class=\"elementor-widget-container\">\n\t\t\t\t\t\t\t<div class=\"elementor-shortcode\"><div class=\"wpforms-container wpforms-container-full wpforms-render-modern\" id=\"wpforms-2141\"><form id=\"wpforms-form-2141\" class=\"wpforms-validate wpforms-form wpforms-ajax-form\" data-formid=\"2141\" method=\"post\" enctype=\"multipart\/form-data\" action=\"\/neu\/wp-json\/wp\/v2\/pages\/29\" data-token=\"41f3afee11cb992c6226e119b94552b5\" data-token-time=\"1777638642\"><noscript class=\"wpforms-error-noscript\">Bitte aktiviere JavaScript in deinem Browser, um dieses Formular fertigzustellen.<\/noscript><div class=\"wpforms-hidden\" id=\"wpforms-error-noscript\">Bitte aktiviere JavaScript in deinem Browser, um dieses Formular fertigzustellen.<\/div><div class=\"wpforms-field-container\">\t\t<div id=\"wpforms-2141-field_5-container\"\n\t\t\tclass=\"wpforms-field wpforms-field-text\"\n\t\t\tdata-field-type=\"text\"\n\t\t\tdata-field-id=\"5\"\n\t\t\t>\n\t\t\t<label class=\"wpforms-field-label\" for=\"wpforms-2141-field_5\" >Kommentar oder Nachricht<\/label>\n\t\t\t<input type=\"text\" id=\"wpforms-2141-field_5\" class=\"wpforms-field-medium\" name=\"wpforms[fields][5]\" >\n\t\t<\/div>\n\t\t<div id=\"wpforms-2141-field_1-container\" class=\"wpforms-field wpforms-field-name\" data-field-id=\"1\"><fieldset><legend class=\"wpforms-field-label\">Name <span class=\"wpforms-required-label\" aria-hidden=\"true\">*<\/span><\/legend><div class=\"wpforms-field-row wpforms-field-medium\"><div class=\"wpforms-field-row-block wpforms-first wpforms-one-half\"><input type=\"text\" id=\"wpforms-2141-field_1\" class=\"wpforms-field-name-first wpforms-field-required\" name=\"wpforms[fields][1][first]\" aria-errormessage=\"wpforms-2141-field_1-error\" required><label for=\"wpforms-2141-field_1\" class=\"wpforms-field-sublabel after\">Vorname<\/label><\/div><div class=\"wpforms-field-row-block wpforms-one-half\"><input type=\"text\" id=\"wpforms-2141-field_1-last\" class=\"wpforms-field-name-last wpforms-field-required\" name=\"wpforms[fields][1][last]\" aria-errormessage=\"wpforms-2141-field_1-last-error\" required><label for=\"wpforms-2141-field_1-last\" class=\"wpforms-field-sublabel after\">Nachname<\/label><\/div><\/div><\/fieldset><\/div><div id=\"wpforms-2141-field_2-container\" class=\"wpforms-field wpforms-field-email\" data-field-id=\"2\"><label class=\"wpforms-field-label\" for=\"wpforms-2141-field_2\">E-Mail-Adresse <span class=\"wpforms-required-label\" aria-hidden=\"true\">*<\/span><\/label><input type=\"email\" id=\"wpforms-2141-field_2\" class=\"wpforms-field-medium wpforms-field-required\" name=\"wpforms[fields][2]\" spellcheck=\"false\" aria-errormessage=\"wpforms-2141-field_2-error\" required><\/div><div id=\"wpforms-2141-field_3-container\" class=\"wpforms-field wpforms-field-textarea\" data-field-id=\"3\"><label class=\"wpforms-field-label\" for=\"wpforms-2141-field_3\">Kommentar oder Nachricht<\/label><textarea id=\"wpforms-2141-field_3\" class=\"wpforms-field-medium\" name=\"wpforms[fields][3]\" aria-errormessage=\"wpforms-2141-field_3-error\" ><\/textarea><\/div><div id=\"wpforms-2141-field_4-container\" class=\"wpforms-field wpforms-field-payment-checkbox\" data-field-id=\"4\"><fieldset><legend class=\"wpforms-field-label\">DSGVO Zustimmung <span class=\"wpforms-required-label\" aria-hidden=\"true\">*<\/span><\/legend><ul id=\"wpforms-2141-field_4\" class=\"wpforms-field-required\"><li class=\"choice-1\"><input type=\"checkbox\" id=\"wpforms-2141-field_4_1\" class=\"wpforms-payment-price\" data-amount=\"10.00\" name=\"wpforms[fields][4][]\" value=\"1\" aria-errormessage=\"wpforms-2141-field_4_1-error\" required ><label class=\"wpforms-field-label-inline\" for=\"wpforms-2141-field_4_1\">Ich habe die Datenschutzerkl\u00e4rung gelesen und stimme dieser zu.\u201c<\/label><\/li><\/ul><\/fieldset><\/div><script>\n\t\t\t\t( function() {\n\t\t\t\t\tconst style = document.createElement( 'style' );\n\t\t\t\t\tstyle.appendChild( document.createTextNode( '#wpforms-2141-field_5-container { position: absolute !important; overflow: hidden !important; display: inline !important; height: 1px !important; width: 1px !important; z-index: -1000 !important; padding: 0 !important; } #wpforms-2141-field_5-container input { visibility: hidden; } #wpforms-conversational-form-page #wpforms-2141-field_5-container label { counter-increment: none; }' ) );\n\t\t\t\t\tdocument.head.appendChild( style );\n\t\t\t\t\tdocument.currentScript?.remove();\n\t\t\t\t} )();\n\t\t\t<\/script><\/div><!-- .wpforms-field-container --><div class=\"wpforms-submit-container\" ><input type=\"hidden\" name=\"wpforms[id]\" value=\"2141\"><input type=\"hidden\" name=\"page_title\" value=\"\"><input type=\"hidden\" name=\"page_url\" value=\"https:\/\/www.rapidosec.com\/neu\/wp-json\/wp\/v2\/pages\/29\"><input type=\"hidden\" name=\"url_referer\" value=\"\"><button type=\"submit\" name=\"wpforms[submit]\" id=\"wpforms-submit-2141\" class=\"wpforms-submit\" data-alt-text=\"Wird gesendet\u00a0\u2026\" data-submit-text=\"Absenden\" aria-live=\"assertive\" value=\"wpforms-submit\">Absenden<\/button><img decoding=\"async\" src=\"https:\/\/www.rapidosec.com\/neu\/wp-content\/plugins\/wpforms-lite\/assets\/images\/submit-spin.svg\" class=\"wpforms-submit-spinner\" style=\"display: none;\" width=\"26\" height=\"26\" alt=\"Wird geladen\"><\/div><\/form><\/div>  <!-- .wpforms-container --><\/div>\n\t\t\t\t\t\t<\/div>\n\t\t\t\t<\/div>\n\t\t\t\t\t<\/div>\n\t\t<\/div>\n\t\t\t\t\t<\/div>\n\t\t<\/section>\n\t\t\t\t<section class=\"elementor-section elementor-top-section elementor-element elementor-element-e577730 elementor-section-boxed elementor-section-height-default elementor-section-height-default\" data-id=\"e577730\" data-element_type=\"section\">\n\t\t\t\t\t\t<div class=\"elementor-container elementor-column-gap-default\">\n\t\t\t\t\t<div class=\"elementor-column elementor-col-100 elementor-top-column elementor-element elementor-element-db717e1\" data-id=\"db717e1\" data-element_type=\"column\">\n\t\t\t<div class=\"elementor-widget-wrap elementor-element-populated\">\n\t\t\t\t\t\t<div class=\"elementor-element elementor-element-398818b elementor-widget elementor-widget-text-editor\" data-id=\"398818b\" data-element_type=\"widget\" data-widget_type=\"text-editor.default\">\n\t\t\t\t<div class=\"elementor-widget-container\">\n\t\t\t\t\t\t\t\t\t<h2 data-start=\"176\" data-end=\"203\"><span style=\"font-weight: 400; font-size: 17px;\"><br>Sie haben Fragen zu unserem&nbsp;&nbsp;<span style=\"color: #fb7016; font-weight: bold;\">RAPIDOsec&nbsp;<\/span>Mauerentfeuchtungssystem,&nbsp;<\/span><\/h2><h2 data-start=\"176\" data-end=\"203\"><span style=\"font-size: 17px; font-weight: 400;\">m\u00f6chten eine unverbindliche Beratung oder ben\u00f6tigen weitere Informationen?&nbsp;<\/span><\/h2>\n<h2 data-start=\"176\" data-end=\"203\"><span style=\"font-weight: 400; font-size: 17px;\">Wir sind gerne f\u00fcr Sie da \u2013 pers\u00f6nlich, kompetent und zuverl\u00e4ssig<\/span><span style=\"font-weight: 400; font-size: 17px;\">&nbsp;<\/span><span style=\"font-weight: 400; font-size: 17px;\"><br><\/span><\/h2>\n<p data-start=\"412\" data-end=\"547\">Nutzen Sie das Kontaktformular oder melden Sie sich direkt bei uns.&nbsp;<\/p>\n<p data-start=\"412\" data-end=\"547\">Wir freuen uns auf Ihre Nachricht und melden uns zeitnah bei Ihnen.<\/p>\t\t\t\t\t\t\t\t<\/div>\n\t\t\t\t<\/div>\n\t\t\t\t\t<\/div>\n\t\t<\/div>\n\t\t\t\t\t<\/div>\n\t\t<\/section>\n\t\t\t\t<\/div>\n\t\t","protected":false},"excerpt":{"rendered":"<p>Kontaktieren Sie uns Irene Kerschbaumer Kuno Kerschbaumer Mobil: +43 (0) 69910846255Skype: Irene KerschbaumerE-Mail:\u00a0rapidoseczentrale@aon.atWeb:\u00a0www.rapidosec.com \u00a0 E-Mail:\u00a0rapidoseczentrale@aon.atWeb: www.rapidosec.com Sie haben Fragen zu unserem&nbsp;&nbsp;RAPIDOsec&nbsp;Mauerentfeuchtungssystem,&nbsp; m\u00f6chten eine unverbindliche Beratung oder ben\u00f6tigen weitere Informationen?&nbsp; Wir sind gerne f\u00fcr Sie da \u2013 pers\u00f6nlich, kompetent und zuverl\u00e4ssig&nbsp; Nutzen Sie das Kontaktformular oder melden Sie sich direkt bei uns.&nbsp; Wir freuen uns auf [&hellip;]<\/p>\n","protected":false},"author":1,"featured_media":0,"parent":0,"menu_order":28,"comment_status":"closed","ping_status":"closed","template":"","meta":{"footnotes":""},"class_list":["post-29","page","type-page","status-publish","hentry"],"acf":[],"_links":{"self":[{"href":"https:\/\/www.rapidosec.com\/neu\/wp-json\/wp\/v2\/pages\/29","targetHints":{"allow":["GET"]}}],"collection":[{"href":"https:\/\/www.rapidosec.com\/neu\/wp-json\/wp\/v2\/pages"}],"about":[{"href":"https:\/\/www.rapidosec.com\/neu\/wp-json\/wp\/v2\/types\/page"}],"author":[{"embeddable":true,"href":"https:\/\/www.rapidosec.com\/neu\/wp-json\/wp\/v2\/users\/1"}],"replies":[{"embeddable":true,"href":"https:\/\/www.rapidosec.com\/neu\/wp-json\/wp\/v2\/comments?post=29"}],"version-history":[{"count":72,"href":"https:\/\/www.rapidosec.com\/neu\/wp-json\/wp\/v2\/pages\/29\/revisions"}],"predecessor-version":[{"id":2199,"href":"https:\/\/www.rapidosec.com\/neu\/wp-json\/wp\/v2\/pages\/29\/revisions\/2199"}],"wp:attachment":[{"href":"https:\/\/www.rapidosec.com\/neu\/wp-json\/wp\/v2\/media?parent=29"}],"curies":[{"name":"wp","href":"https:\/\/api.w.org\/{rel}","templated":true}]}}