{"id":27,"date":"2014-05-12T16:48:38","date_gmt":"2014-05-12T14:48:38","guid":{"rendered":"http:\/\/www.rapidosec.com\/neu\/?page_id=27"},"modified":"2025-07-21T18:46:51","modified_gmt":"2025-07-21T16:46:51","slug":"impressum","status":"publish","type":"page","link":"https:\/\/www.rapidosec.com\/neu\/impressum\/","title":{"rendered":"Impressum"},"content":{"rendered":"\t\t<div data-elementor-type=\"wp-page\" data-elementor-id=\"27\" class=\"elementor elementor-27\">\n\t\t\t\t\t\t<section class=\"elementor-section elementor-top-section elementor-element elementor-element-4d27f38 elementor-section-boxed elementor-section-height-default elementor-section-height-default\" data-id=\"4d27f38\" data-element_type=\"section\">\n\t\t\t\t\t\t<div class=\"elementor-container elementor-column-gap-default\">\n\t\t\t\t\t<div class=\"elementor-column elementor-col-100 elementor-top-column elementor-element elementor-element-719597bd\" data-id=\"719597bd\" data-element_type=\"column\">\n\t\t\t<div class=\"elementor-widget-wrap elementor-element-populated\">\n\t\t\t\t\t\t<div class=\"elementor-element elementor-element-37f59ca3 elementor-widget elementor-widget-text-editor\" data-id=\"37f59ca3\" data-element_type=\"widget\" data-widget_type=\"text-editor.default\">\n\t\t\t\t<div class=\"elementor-widget-container\">\n\t\t\t\t\t\t\t\t\t<p><span style=\"font-family: arial,helvetica,sans-serif;\"><span style=\"font-size: 14px;\"><img decoding=\"async\" class=\"alignnone wp-image-44\" src=\"https:\/\/www.rapidosec.com\/neu\/wp-content\/uploads\/2014\/05\/RAPIDOsec_logo.png\" alt=\"RAPIDOsec_logo\" width=\"260\" height=\"53\" \/> <\/span><\/span><\/p><hr \/><p>\u00a0<\/p><h3 data-start=\"177\" data-end=\"194\"><strong data-start=\"181\" data-end=\"194\">Impressum<\/strong><\/h3><p data-start=\"196\" data-end=\"291\"><strong data-start=\"196\" data-end=\"227\">RAPIDOsec Mauerentfeuchtung<\/strong><br data-start=\"227\" data-end=\"230\" \/>Strimitzen 5<br data-start=\"242\" data-end=\"245\" \/>8820 Neumarkt in der Steiermark<br data-start=\"276\" data-end=\"279\" \/>\u00d6sterreich<\/p><p data-start=\"293\" data-end=\"336\"><strong data-start=\"293\" data-end=\"313\">Vertreten durch:<\/strong><br data-start=\"313\" data-end=\"316\" \/>Irene Kerschbaumer<\/p><p data-start=\"338\" data-end=\"534\"><strong data-start=\"338\" data-end=\"350\">Kontakt:<\/strong><br data-start=\"350\" data-end=\"353\" \/>Mobil: +43 (0) 699\u202f10846255<br data-start=\"380\" data-end=\"383\" \/>E-Mail: <a class=\"cursor-pointer\" rel=\"noopener\" data-start=\"391\" data-end=\"450\">rapidoseczentrale@aon.at<\/a><br data-start=\"450\" data-end=\"453\" \/>Web: <a class=\"\" href=\"https:\/\/www.rapidosec.com\" target=\"_new\" rel=\"noopener\" data-start=\"458\" data-end=\"504\">www.rapidosec.com<\/a><br data-start=\"504\" data-end=\"507\" \/>Skype: Irene Kerschbaumer<\/p><p data-start=\"536\" data-end=\"614\"><strong data-start=\"536\" data-end=\"560\">Firmeninformationen:<\/strong><br data-start=\"560\" data-end=\"563\" \/>Gerichtsstand: Murau<br data-start=\"583\" data-end=\"586\" \/>UID-Nr. (ATU): ATU56597114<\/p><p data-start=\"616\" data-end=\"766\"><strong data-start=\"616\" data-end=\"635\">Bankverbindung:<\/strong><br data-start=\"635\" data-end=\"638\" \/>Steierm\u00e4rkische Bank und Sparkassen AG<br data-start=\"676\" data-end=\"679\" \/>IBAN: AT30 2081 5158 0050 24<br data-start=\"707\" data-end=\"710\" \/>BIC: STSPAT2G<br data-start=\"723\" data-end=\"726\" \/>BLZ: 20815<br data-start=\"736\" data-end=\"739\" \/>Konto-Nr.: 15800 \u2013 502450<\/p><p data-start=\"768\" data-end=\"865\"><strong data-start=\"768\" data-end=\"786\">Patentnummern:<\/strong><br data-start=\"786\" data-end=\"789\" \/>\u00d6sterreichisches Patent: Nr. 411.278<br data-start=\"825\" data-end=\"828\" \/>Europ\u00e4isches Patent: Nr. 02450096.9<\/p><p data-start=\"867\" data-end=\"1075\"><strong data-start=\"867\" data-end=\"905\">E-Commerce Auskunft gem\u00e4\u00df \u00a7\u202f5 ECG:<\/strong><br data-start=\"905\" data-end=\"908\" \/>Die Inhalte dieser Website dienen der Information \u00fcber Produkte und Dienstleistungen der Firma RAPIDOsec. F\u00fcr die Inhalte externer Links wird keine Haftung \u00fcbernommen.<\/p><p>**Bildnachweis:**<br \/>Alle verwendeten Bilder sind Eigentum von RAPIDOsec oder wurden rechtm\u00e4\u00dfig lizenziert (z.\u202fB. \u00fcber Freepik, Adobe Stock, Shutterstock etc.).<\/p><p>Eine Weiterverwendung ohne ausdr\u00fcckliche Genehmigung ist nicht gestattet.<\/p><p><strong data-start=\"750\" data-end=\"765\">EU-Streitschlichtung:<\/strong><\/p><p class=\"has-white-color has-text-color has-link-color wp-elements-5b94bfe8fb780249ca7930e5daa600ed animate animated\">Alternative Streitbeilegung gem\u00e4\u00df Art. 14 Abs. 1 ODR-Verordnung und \u00a7 19 AStG:<br \/>Verbraucher haben die M\u00f6glichkeit, Beschwerden an die Online-Streitbeilegungsplattform der EU zu richten:\u00a0<a class=\"\" href=\"https:\/\/ec.europa.eu\/consumers\/odr\/\">https:\/\/ec.europa.eu\/consumers\/odr\/<\/a>.<br \/>Sie k\u00f6nnen allf\u00e4llige Beschwerden auch an die oben angegebene E-Mail-Adresse richten.<\/p><p>\u00a0<\/p><p>**Webdesign &amp; Umsetzung:**<br \/>Haddes | Hadziomerovic Design<\/p><p>Web:<br \/><a href=\"https:\/\/haddes.at\" target=\"_blank\" rel=\"noopener\">www.haddes.at<\/a><\/p>\t\t\t\t\t\t\t\t<\/div>\n\t\t\t\t<\/div>\n\t\t\t\t\t<\/div>\n\t\t<\/div>\n\t\t\t\t\t<\/div>\n\t\t<\/section>\n\t\t\t\t<\/div>\n\t\t","protected":false},"excerpt":{"rendered":"<p>\u00a0 Impressum RAPIDOsec MauerentfeuchtungStrimitzen 58820 Neumarkt in der Steiermark\u00d6sterreich Vertreten durch:Irene Kerschbaumer Kontakt:Mobil: +43 (0) 699\u202f10846255E-Mail: rapidoseczentrale@aon.atWeb: www.rapidosec.comSkype: Irene Kerschbaumer Firmeninformationen:Gerichtsstand: MurauUID-Nr. (ATU): ATU56597114 Bankverbindung:Steierm\u00e4rkische Bank und Sparkassen AGIBAN: AT30 2081 5158 0050 24BIC: STSPAT2GBLZ: 20815Konto-Nr.: 15800 \u2013 502450 Patentnummern:\u00d6sterreichisches Patent: Nr. 411.278Europ\u00e4isches Patent: Nr. 02450096.9 E-Commerce Auskunft gem\u00e4\u00df \u00a7\u202f5 ECG:Die Inhalte dieser Website dienen [&hellip;]<\/p>\n","protected":false},"author":1,"featured_media":0,"parent":0,"menu_order":40,"comment_status":"closed","ping_status":"closed","template":"","meta":{"footnotes":""},"class_list":["post-27","page","type-page","status-publish","hentry"],"acf":[],"_links":{"self":[{"href":"https:\/\/www.rapidosec.com\/neu\/wp-json\/wp\/v2\/pages\/27","targetHints":{"allow":["GET"]}}],"collection":[{"href":"https:\/\/www.rapidosec.com\/neu\/wp-json\/wp\/v2\/pages"}],"about":[{"href":"https:\/\/www.rapidosec.com\/neu\/wp-json\/wp\/v2\/types\/page"}],"author":[{"embeddable":true,"href":"https:\/\/www.rapidosec.com\/neu\/wp-json\/wp\/v2\/users\/1"}],"replies":[{"embeddable":true,"href":"https:\/\/www.rapidosec.com\/neu\/wp-json\/wp\/v2\/comments?post=27"}],"version-history":[{"count":41,"href":"https:\/\/www.rapidosec.com\/neu\/wp-json\/wp\/v2\/pages\/27\/revisions"}],"predecessor-version":[{"id":2715,"href":"https:\/\/www.rapidosec.com\/neu\/wp-json\/wp\/v2\/pages\/27\/revisions\/2715"}],"wp:attachment":[{"href":"https:\/\/www.rapidosec.com\/neu\/wp-json\/wp\/v2\/media?parent=27"}],"curies":[{"name":"wp","href":"https:\/\/api.w.org\/{rel}","templated":true}]}}