{"id":21,"date":"2014-05-12T16:46:34","date_gmt":"2014-05-12T14:46:34","guid":{"rendered":"http:\/\/www.rapidosec.com\/neu\/?page_id=21"},"modified":"2025-06-22T20:10:37","modified_gmt":"2025-06-22T18:10:37","slug":"patnerschaften","status":"publish","type":"page","link":"https:\/\/www.rapidosec.com\/neu\/patnerschaften\/","title":{"rendered":"Partner"},"content":{"rendered":"\t\t<div data-elementor-type=\"wp-page\" data-elementor-id=\"21\" class=\"elementor elementor-21\">\n\t\t\t\t\t\t<section class=\"elementor-section elementor-top-section elementor-element elementor-element-f611f08 elementor-section-boxed elementor-section-height-default elementor-section-height-default\" data-id=\"f611f08\" data-element_type=\"section\">\n\t\t\t\t\t\t<div class=\"elementor-container elementor-column-gap-default\">\n\t\t\t\t\t<div class=\"elementor-column elementor-col-50 elementor-top-column elementor-element elementor-element-b05f12f\" data-id=\"b05f12f\" data-element_type=\"column\">\n\t\t\t<div class=\"elementor-widget-wrap elementor-element-populated\">\n\t\t\t\t\t\t<div class=\"elementor-element elementor-element-0bc1ac7 elementor-widget elementor-widget-image\" data-id=\"0bc1ac7\" data-element_type=\"widget\" data-widget_type=\"image.default\">\n\t\t\t\t<div class=\"elementor-widget-container\">\n\t\t\t\t\t\t\t\t\t\t\t\t\t\t\t<img fetchpriority=\"high\" decoding=\"async\" width=\"600\" height=\"450\" src=\"https:\/\/www.rapidosec.com\/neu\/wp-content\/uploads\/2015\/07\/IMG_26602.jpg\" class=\"attachment-large size-large wp-image-1289\" alt=\"Rene Koeppel - Lausanne\" srcset=\"https:\/\/www.rapidosec.com\/neu\/wp-content\/uploads\/2015\/07\/IMG_26602.jpg 600w, https:\/\/www.rapidosec.com\/neu\/wp-content\/uploads\/2015\/07\/IMG_26602-300x225.jpg 300w\" sizes=\"(max-width: 600px) 100vw, 600px\" \/>\t\t\t\t\t\t\t\t\t\t\t\t\t\t\t<\/div>\n\t\t\t\t<\/div>\n\t\t\t\t\t<\/div>\n\t\t<\/div>\n\t\t\t\t<div class=\"elementor-column elementor-col-50 elementor-top-column elementor-element elementor-element-d5feedb\" data-id=\"d5feedb\" data-element_type=\"column\">\n\t\t\t<div class=\"elementor-widget-wrap elementor-element-populated\">\n\t\t\t\t\t\t<div class=\"elementor-element elementor-element-b85fe8c elementor-widget elementor-widget-image\" data-id=\"b85fe8c\" data-element_type=\"widget\" data-widget_type=\"image.default\">\n\t\t\t\t<div class=\"elementor-widget-container\">\n\t\t\t\t\t\t\t\t\t\t\t\t\t\t\t<img decoding=\"async\" width=\"800\" height=\"533\" src=\"https:\/\/www.rapidosec.com\/neu\/wp-content\/uploads\/2015\/04\/DSC_0350.jpg\" class=\"attachment-large size-large wp-image-1067\" alt=\"Frank Rohstock - Cottbus, Vetschau\" srcset=\"https:\/\/www.rapidosec.com\/neu\/wp-content\/uploads\/2015\/04\/DSC_0350.jpg 800w, https:\/\/www.rapidosec.com\/neu\/wp-content\/uploads\/2015\/04\/DSC_0350-300x200.jpg 300w\" sizes=\"(max-width: 800px) 100vw, 800px\" \/>\t\t\t\t\t\t\t\t\t\t\t\t\t\t\t<\/div>\n\t\t\t\t<\/div>\n\t\t\t\t\t<\/div>\n\t\t<\/div>\n\t\t\t\t\t<\/div>\n\t\t<\/section>\n\t\t\t\t<section class=\"elementor-section elementor-top-section elementor-element elementor-element-947c9a0 elementor-section-boxed elementor-section-height-default elementor-section-height-default\" data-id=\"947c9a0\" data-element_type=\"section\">\n\t\t\t\t\t\t<div class=\"elementor-container elementor-column-gap-default\">\n\t\t\t\t\t<div class=\"elementor-column elementor-col-100 elementor-top-column elementor-element elementor-element-339974e\" data-id=\"339974e\" data-element_type=\"column\">\n\t\t\t<div class=\"elementor-widget-wrap elementor-element-populated\">\n\t\t\t\t\t\t<div class=\"elementor-element elementor-element-e52de0c elementor-widget elementor-widget-spacer\" data-id=\"e52de0c\" data-element_type=\"widget\" data-widget_type=\"spacer.default\">\n\t\t\t\t<div class=\"elementor-widget-container\">\n\t\t\t\t\t\t\t<div class=\"elementor-spacer\">\n\t\t\t<div class=\"elementor-spacer-inner\"><\/div>\n\t\t<\/div>\n\t\t\t\t\t\t<\/div>\n\t\t\t\t<\/div>\n\t\t\t\t\t<\/div>\n\t\t<\/div>\n\t\t\t\t\t<\/div>\n\t\t<\/section>\n\t\t\t\t<section class=\"elementor-section elementor-top-section elementor-element elementor-element-e472a5b elementor-section-boxed elementor-section-height-default elementor-section-height-default\" data-id=\"e472a5b\" data-element_type=\"section\">\n\t\t\t\t\t\t<div class=\"elementor-container elementor-column-gap-default\">\n\t\t\t\t\t<div class=\"elementor-column elementor-col-100 elementor-top-column elementor-element elementor-element-2615543\" data-id=\"2615543\" data-element_type=\"column\">\n\t\t\t<div class=\"elementor-widget-wrap elementor-element-populated\">\n\t\t\t\t\t\t<div class=\"elementor-element elementor-element-e35fa55 elementor-widget elementor-widget-heading\" data-id=\"e35fa55\" data-element_type=\"widget\" data-widget_type=\"heading.default\">\n\t\t\t\t<div class=\"elementor-widget-container\">\n\t\t\t\t\t<h1 class=\"elementor-heading-title elementor-size-default\">Attraktive Kooperation mit einem verl\u00e4sslichen Produkt<\/h1>\t\t\t\t<\/div>\n\t\t\t\t<\/div>\n\t\t\t\t<div class=\"elementor-element elementor-element-869228b elementor-widget elementor-widget-spacer\" data-id=\"869228b\" data-element_type=\"widget\" data-widget_type=\"spacer.default\">\n\t\t\t\t<div class=\"elementor-widget-container\">\n\t\t\t\t\t\t\t<div class=\"elementor-spacer\">\n\t\t\t<div class=\"elementor-spacer-inner\"><\/div>\n\t\t<\/div>\n\t\t\t\t\t\t<\/div>\n\t\t\t\t<\/div>\n\t\t\t\t\t<\/div>\n\t\t<\/div>\n\t\t\t\t\t<\/div>\n\t\t<\/section>\n\t\t\t\t<section class=\"elementor-section elementor-top-section elementor-element elementor-element-1e9d374 elementor-section-boxed elementor-section-height-default elementor-section-height-default\" data-id=\"1e9d374\" data-element_type=\"section\">\n\t\t\t\t\t\t<div class=\"elementor-container elementor-column-gap-default\">\n\t\t\t\t\t<div class=\"elementor-column elementor-col-100 elementor-top-column elementor-element elementor-element-9dcb984\" data-id=\"9dcb984\" data-element_type=\"column\">\n\t\t\t<div class=\"elementor-widget-wrap elementor-element-populated\">\n\t\t\t\t\t\t<div class=\"elementor-element elementor-element-d6f1f45 elementor-widget elementor-widget-text-editor\" data-id=\"d6f1f45\" data-element_type=\"widget\" data-widget_type=\"text-editor.default\">\n\t\t\t\t<div class=\"elementor-widget-container\">\n\t\t\t\t\t\t\t\t\t<p class=\"animate animated\">Wollen Sie unser Partner werden?<\/p>\n<p class=\"animate animated\">RAPIDOsec bietet Ihnen viele Vorteile in der verl\u00e4sslichen Mauerentfeuchtung.<\/p>\n<p class=\"animate animated\">Gern arbeiten wir im Interesse der Kunden dabei mit Fachunternehmen zusammen.<\/p>\n<p class=\"animate animated\">Genie\u00dfen Sie beim Aufbau ihres Unternehmens die Chance, ihr Leben, ihre Familie und ihre Karriere in Einklang zu bringen.<\/p>\n<p class=\"animate animated\">\n<\/p><p class=\"animate animated\">Gerne stehen wir f\u00fcr pers\u00f6nliche Gespr\u00e4che f\u00fcr Sie zur Verf\u00fcgung&nbsp;<\/p><p class=\"animate animated\">rufen Sie uns an, wir freuen uns auf Sie!&nbsp;<\/p>\t\t\t\t\t\t\t\t<\/div>\n\t\t\t\t<\/div>\n\t\t\t\t\t<\/div>\n\t\t<\/div>\n\t\t\t\t\t<\/div>\n\t\t<\/section>\n\t\t\t\t<section class=\"elementor-section elementor-top-section elementor-element elementor-element-ed253a3 elementor-section-boxed elementor-section-height-default elementor-section-height-default\" data-id=\"ed253a3\" data-element_type=\"section\">\n\t\t\t\t\t\t<div class=\"elementor-container elementor-column-gap-default\">\n\t\t\t\t\t<div class=\"elementor-column elementor-col-100 elementor-top-column elementor-element elementor-element-b0eeb64\" data-id=\"b0eeb64\" data-element_type=\"column\">\n\t\t\t<div class=\"elementor-widget-wrap elementor-element-populated\">\n\t\t\t\t\t\t<div class=\"elementor-element elementor-element-569e122 elementor-widget elementor-widget-heading\" data-id=\"569e122\" data-element_type=\"widget\" data-widget_type=\"heading.default\">\n\t\t\t\t<div class=\"elementor-widget-container\">\n\t\t\t\t\t<h2 class=\"elementor-heading-title elementor-size-default\">Kuno &amp; Irene Kerschbaumer<\/h2>\t\t\t\t<\/div>\n\t\t\t\t<\/div>\n\t\t\t\t\t<\/div>\n\t\t<\/div>\n\t\t\t\t\t<\/div>\n\t\t<\/section>\n\t\t\t\t<\/div>\n\t\t","protected":false},"excerpt":{"rendered":"<p>Attraktive Kooperation mit einem verl\u00e4sslichen Produkt Wollen Sie unser Partner werden? RAPIDOsec bietet Ihnen viele Vorteile in der verl\u00e4sslichen Mauerentfeuchtung. Gern arbeiten wir im Interesse der Kunden dabei mit Fachunternehmen zusammen. Genie\u00dfen Sie beim Aufbau ihres Unternehmens die Chance, ihr Leben, ihre Familie und ihre Karriere in Einklang zu bringen. Gerne stehen wir f\u00fcr pers\u00f6nliche [&hellip;]<\/p>\n","protected":false},"author":1,"featured_media":0,"parent":0,"menu_order":35,"comment_status":"closed","ping_status":"closed","template":"","meta":{"footnotes":""},"class_list":["post-21","page","type-page","status-publish","hentry"],"acf":[],"_links":{"self":[{"href":"https:\/\/www.rapidosec.com\/neu\/wp-json\/wp\/v2\/pages\/21","targetHints":{"allow":["GET"]}}],"collection":[{"href":"https:\/\/www.rapidosec.com\/neu\/wp-json\/wp\/v2\/pages"}],"about":[{"href":"https:\/\/www.rapidosec.com\/neu\/wp-json\/wp\/v2\/types\/page"}],"author":[{"embeddable":true,"href":"https:\/\/www.rapidosec.com\/neu\/wp-json\/wp\/v2\/users\/1"}],"replies":[{"embeddable":true,"href":"https:\/\/www.rapidosec.com\/neu\/wp-json\/wp\/v2\/comments?post=21"}],"version-history":[{"count":64,"href":"https:\/\/www.rapidosec.com\/neu\/wp-json\/wp\/v2\/pages\/21\/revisions"}],"predecessor-version":[{"id":2313,"href":"https:\/\/www.rapidosec.com\/neu\/wp-json\/wp\/v2\/pages\/21\/revisions\/2313"}],"wp:attachment":[{"href":"https:\/\/www.rapidosec.com\/neu\/wp-json\/wp\/v2\/media?parent=21"}],"curies":[{"name":"wp","href":"https:\/\/api.w.org\/{rel}","templated":true}]}}