{"id":19,"date":"2014-05-12T16:10:57","date_gmt":"2014-05-12T14:10:57","guid":{"rendered":"http:\/\/www.rapidosec.com\/neu\/?page_id=19"},"modified":"2025-06-22T19:47:42","modified_gmt":"2025-06-22T17:47:42","slug":"referenzen","status":"publish","type":"page","link":"https:\/\/www.rapidosec.com\/neu\/referenzen\/","title":{"rendered":"Referenzen"},"content":{"rendered":"\t\t<div data-elementor-type=\"wp-page\" data-elementor-id=\"19\" class=\"elementor elementor-19\">\n\t\t\t\t\t\t<section class=\"elementor-section elementor-top-section elementor-element elementor-element-86b9f66 elementor-section-boxed elementor-section-height-default elementor-section-height-default\" data-id=\"86b9f66\" data-element_type=\"section\">\n\t\t\t\t\t\t<div class=\"elementor-container elementor-column-gap-default\">\n\t\t\t\t\t<div class=\"elementor-column elementor-col-100 elementor-top-column elementor-element elementor-element-d58ac4c\" data-id=\"d58ac4c\" data-element_type=\"column\">\n\t\t\t<div class=\"elementor-widget-wrap elementor-element-populated\">\n\t\t\t\t\t\t<div class=\"elementor-element elementor-element-1ac918a elementor-widget elementor-widget-spacer\" data-id=\"1ac918a\" data-element_type=\"widget\" data-widget_type=\"spacer.default\">\n\t\t\t\t<div class=\"elementor-widget-container\">\n\t\t\t\t\t\t\t<div class=\"elementor-spacer\">\n\t\t\t<div class=\"elementor-spacer-inner\"><\/div>\n\t\t<\/div>\n\t\t\t\t\t\t<\/div>\n\t\t\t\t<\/div>\n\t\t\t\t\t<\/div>\n\t\t<\/div>\n\t\t\t\t\t<\/div>\n\t\t<\/section>\n\t\t\t\t<section class=\"elementor-section elementor-top-section elementor-element elementor-element-96b475f elementor-section-boxed elementor-section-height-default elementor-section-height-default\" data-id=\"96b475f\" data-element_type=\"section\">\n\t\t\t\t\t\t<div class=\"elementor-container elementor-column-gap-default\">\n\t\t\t\t\t<div class=\"elementor-column elementor-col-100 elementor-top-column elementor-element elementor-element-558355d\" data-id=\"558355d\" data-element_type=\"column\">\n\t\t\t<div class=\"elementor-widget-wrap elementor-element-populated\">\n\t\t\t\t\t\t<div class=\"elementor-element elementor-element-fdde131 elementor-widget elementor-widget-heading\" data-id=\"fdde131\" data-element_type=\"widget\" data-widget_type=\"heading.default\">\n\t\t\t\t<div class=\"elementor-widget-container\">\n\t\t\t\t\t<h1 class=\"elementor-heading-title elementor-size-default\"><p><span style=\"font-size: 30px\"><span style=\"font-family: arial, helvetica, sans-serif\">* Eine Referenzliste zeigen wir Ihnen&nbsp;gerne bei einem pers\u00f6nlichen Gespr\u00e4ch.<\/span><\/span><\/p><p class=\"bodytext\"><span style=\"font-size: 30px\"><span style=\"font-family: arial, helvetica, sans-serif\">Referenzen suchen sie bitte auf unseren Partnerseiten (H\u00e4ndlern und Technikern)<\/span><\/span><\/p><\/h1>\t\t\t\t<\/div>\n\t\t\t\t<\/div>\n\t\t\t\t\t<\/div>\n\t\t<\/div>\n\t\t\t\t\t<\/div>\n\t\t<\/section>\n\t\t\t\t<\/div>\n\t\t","protected":false},"excerpt":{"rendered":"<p>* Eine Referenzliste zeigen wir Ihnen&nbsp;gerne bei einem pers\u00f6nlichen Gespr\u00e4ch. Referenzen suchen sie bitte auf unseren Partnerseiten (H\u00e4ndlern und Technikern)<\/p>\n","protected":false},"author":1,"featured_media":0,"parent":0,"menu_order":41,"comment_status":"closed","ping_status":"closed","template":"","meta":{"footnotes":""},"class_list":["post-19","page","type-page","status-publish","hentry"],"acf":[],"_links":{"self":[{"href":"https:\/\/www.rapidosec.com\/neu\/wp-json\/wp\/v2\/pages\/19","targetHints":{"allow":["GET"]}}],"collection":[{"href":"https:\/\/www.rapidosec.com\/neu\/wp-json\/wp\/v2\/pages"}],"about":[{"href":"https:\/\/www.rapidosec.com\/neu\/wp-json\/wp\/v2\/types\/page"}],"author":[{"embeddable":true,"href":"https:\/\/www.rapidosec.com\/neu\/wp-json\/wp\/v2\/users\/1"}],"replies":[{"embeddable":true,"href":"https:\/\/www.rapidosec.com\/neu\/wp-json\/wp\/v2\/comments?post=19"}],"version-history":[{"count":45,"href":"https:\/\/www.rapidosec.com\/neu\/wp-json\/wp\/v2\/pages\/19\/revisions"}],"predecessor-version":[{"id":2286,"href":"https:\/\/www.rapidosec.com\/neu\/wp-json\/wp\/v2\/pages\/19\/revisions\/2286"}],"wp:attachment":[{"href":"https:\/\/www.rapidosec.com\/neu\/wp-json\/wp\/v2\/media?parent=19"}],"curies":[{"name":"wp","href":"https:\/\/api.w.org\/{rel}","templated":true}]}}